{"id":11,"date":"2017-01-19T13:05:34","date_gmt":"2017-01-19T13:05:34","guid":{"rendered":"http:\/\/home-music.at\/?page_id=11"},"modified":"2024-08-11T13:48:16","modified_gmt":"2024-08-11T13:48:16","slug":"workshops","status":"publish","type":"page","link":"https:\/\/home-music.at\/?page_id=11","title":{"rendered":"WORKSHOPS"},"content":{"rendered":"\n<h1 class=\"wp-block-heading\">Music in the Woods \u2013 30 full scholarship for media music workshops in Lower Austria!<\/h1>\n\n\n\n<figure class=\"wp-block-image is-resized\"><a href=\"https:\/\/www.jammusiclab.com\/sites\/default\/files\/images\/news-teasers\/Music%20in%20the%20Woods.jpg\"><img decoding=\"async\" src=\"https:\/\/www.jammusiclab.com\/sites\/default\/files\/styles\/large\/public\/images\/news-teasers\/Music%20in%20the%20Woods.jpg?itok=rrnBBsuf\" alt=\"Music in The Woods\" style=\"width:625px;height:auto\"\/><\/a><\/figure>\n\n\n\n<p><strong>Powered by JAM MUSIC LAB Privatuniversit\u00e4t, AKM, SKE, Veranstalterverband \u00d6sterreich and supported Kultur.Region.Nieder\u00f6sterreich: From 19 to 22 September 2024, this top-class event at B\u00fchnenwirtshaus Juster in the Waldviertel will offer four days of exciting workshops from the very broad field of media music. Anyone interested in the fields of songwriting, music production, film scoring and game audio is cordially invited to take part in Music in the Woods. No matter whether you are studying music, already have practical experience or are simply passionate about these areas. Everyone is welcome! There is no age limit! Apply now, receive one of the 30 full scholarships for free participation, learn from real experts in their field and realise your project.<\/strong><\/p>\n\n\n\n<p><strong>Music in the Woods \u2013 What It&#8217;s About<\/strong><\/p>\n\n\n\n<p><img decoding=\"async\" src=\"https:\/\/www.jammusiclab.com\/sites\/default\/files\/inline-images\/Music%20in%20the%20Woods%20Stimmung_1.jpg\" alt=\"Stimmung Wald und Wasser Music in the Woods\" style=\"width: 620px;\"><\/p>\n\n\n\n<p>Music in the Woods aims to promote Austrian music creation in the areas of songwriting, music production, film scoring, and game audio. By combining practice and theory under the guidance of well-known national and international music producers, &#8222;Music in the Woods&#8220; offers a unique opportunity for talents to hone their skills and establish themselves in the media music industry. With follow-up projects after the event at JAM MUSIC LAB Private University, the entry into the music market is facilitated. Additionally, after Music in the Woods, the three participants with the best works will be awarded. They can win further workshops and meetings with renowned Austrian composers at home and abroad.<\/p>\n\n\n\n<p><strong>Participation Requirements<\/strong><\/p>\n\n\n\n<ul class=\"wp-block-list\">\n<li>Austrian citizens and non-Austrian citizens residing in Austria<\/li>\n\n\n\n<li>Application deadline: August 25, 2024<\/li>\n\n\n\n<li><strong>No age limit. Minors may only participate if accompanied by an adult.<\/strong><\/li>\n<\/ul>\n\n\n\n<p><strong>Application Documents<\/strong><\/p>\n\n\n\n<p>Interested individuals should send the following documents in a zip file to&nbsp;<a>musicinthewoods@jammusiclab.com<\/a>. For any inquiries, you can also contact this email address.<\/p>\n\n\n\n<ul class=\"wp-block-list\">\n<li>(Artistic) CV<\/li>\n\n\n\n<li>Motivation letter: This should outline your goals and interests in Music in the Woods<\/li>\n\n\n\n<li>Project proposal documents: Depending on the project, these can be audio or video recordings (formats: mp3, m4a, imov, etc.), as well as scores, work, and concept descriptions. It&#8217;s important that the project is comprehensible and feasible based on these materials.<\/li>\n<\/ul>\n\n\n\n<p><strong>What is offered to Participants<\/strong><\/p>\n\n\n\n<p><img decoding=\"async\" src=\"https:\/\/www.jammusiclab.com\/sites\/default\/files\/inline-images\/JAM%20MUSIC%20LAB_Xiomara%20Bender_091.jpg\" alt=\"Studiodays\" style=\"width: 620px;\"><\/p>\n\n\n\n<p>The top 30 applicants will receive a full scholarship for free participation in Music in the Woods. This includes meals, accommodation (shared rooms, two persons per room), and the offered workshops. Travel costs to and from the event are the responsibility of the participants. The entire program can be downloaded here:&nbsp;<a href=\"https:\/\/www.jammusiclab.com\/sites\/default\/files\/inline-files\/Programm%20Music%20in%20the%20Woods%2031.7..pdf\" target=\"_blank\" rel=\"noreferrer noopener\">DOWNLOAD Program Music in the Woods<\/a>.<\/p>\n\n\n\n<p><strong>Great Pool of partners and lecturers<\/strong><\/p>\n\n\n\n<figure class=\"wp-block-image size-large\"><img loading=\"lazy\" decoding=\"async\" width=\"1024\" height=\"655\" src=\"http:\/\/home-music.at\/wp-content\/uploads\/2024\/08\/Georg-Luksch-1024x655.jpg\" alt=\"\" class=\"wp-image-288\" srcset=\"https:\/\/home-music.at\/wp-content\/uploads\/2024\/08\/Georg-Luksch-1024x655.jpg 1024w, https:\/\/home-music.at\/wp-content\/uploads\/2024\/08\/Georg-Luksch-300x192.jpg 300w, https:\/\/home-music.at\/wp-content\/uploads\/2024\/08\/Georg-Luksch-768x491.jpg 768w, https:\/\/home-music.at\/wp-content\/uploads\/2024\/08\/Georg-Luksch-1536x982.jpg 1536w, https:\/\/home-music.at\/wp-content\/uploads\/2024\/08\/Georg-Luksch-1200x768.jpg 1200w, https:\/\/home-music.at\/wp-content\/uploads\/2024\/08\/Georg-Luksch.jpg 1773w\" sizes=\"(max-width: 709px) 85vw, (max-width: 909px) 67vw, (max-width: 1362px) 62vw, 840px\" \/><\/figure>\n\n\n\n<p>Among the lecturers are renowned personalities such as&nbsp;Grammy winner <a href=\"http:\/\/home-music.at\/?page_id=2\">Georg Luksch<\/a>, <strong>Michael Klimas<\/strong>, producer and singer of&nbsp;<strong>S\u00f6hne Mannheims<\/strong>;&nbsp;<strong>Oliver Schmellenkamp<\/strong>, producer in the field of film and games music and head of the media music department at J<strong>AM MUSIC LAB Private University<\/strong>; the renowned Hollywood composers&nbsp;<strong>Adam Lukas and Paul Haslinger<\/strong>; <strong>Martin Kromar<\/strong>from Echopilot, (who produced the super hit &#8222;Cordula Gr\u00fcn&#8220; with Josh.);&nbsp;<strong>Thomas Rabitsch<\/strong>&nbsp;and many others. You can download the complete list of lecturers here, including their areas of specialisation:&nbsp;<a href=\"https:\/\/www.jammusiclab.com\/sites\/default\/files\/inline-files\/MITW%20Vortragende%20%26%20Jury.pdf\" target=\"_blank\" rel=\"noreferrer noopener\">DOWNLOAD list of lecturers.<\/a><\/p>\n\n\n\n<p>The jury for selecting the candidates is also high-calibre: among them are the JAM professors&nbsp;<strong>Monika Herzig, Julia Hofer<\/strong>, and&nbsp;<strong>Yu-Chun Huang<\/strong>.<\/p>\n\n\n\n<p><strong>The Accommodation: The Juster B\u00fchnenwirtshaus in Gutenbrunn<\/strong><\/p>\n\n\n\n<p>From a simple village inn in 1933, the family business developed into a country inn for summer holidays from the 1970s. Since 1994, the first stage inn was created here, which had already counted over 1300 performances by 2015 and has become an exemplary place of regional and international culture and cabaret scenes.<\/p>\n","protected":false},"excerpt":{"rendered":"<p>Music in the Woods \u2013 30 full scholarship for media music workshops in Lower Austria! Powered by JAM MUSIC LAB Privatuniversit\u00e4t, AKM, SKE, Veranstalterverband \u00d6sterreich and supported Kultur.Region.Nieder\u00f6sterreich: From 19 to 22 September 2024, this top-class event at B\u00fchnenwirtshaus Juster in the Waldviertel will offer four days of exciting workshops from the very broad field &hellip; <a href=\"https:\/\/home-music.at\/?page_id=11\" class=\"more-link\"><span class=\"screen-reader-text\">\u201eWORKSHOPS\u201c<\/span> weiterlesen<\/a><\/p>\n","protected":false},"author":1,"featured_media":0,"parent":0,"menu_order":0,"comment_status":"closed","ping_status":"closed","template":"","meta":{"footnotes":""},"class_list":["post-11","page","type-page","status-publish","hentry"],"_links":{"self":[{"href":"https:\/\/home-music.at\/index.php?rest_route=\/wp\/v2\/pages\/11"}],"collection":[{"href":"https:\/\/home-music.at\/index.php?rest_route=\/wp\/v2\/pages"}],"about":[{"href":"https:\/\/home-music.at\/index.php?rest_route=\/wp\/v2\/types\/page"}],"author":[{"embeddable":true,"href":"https:\/\/home-music.at\/index.php?rest_route=\/wp\/v2\/users\/1"}],"replies":[{"embeddable":true,"href":"https:\/\/home-music.at\/index.php?rest_route=%2Fwp%2Fv2%2Fcomments&post=11"}],"version-history":[{"count":18,"href":"https:\/\/home-music.at\/index.php?rest_route=\/wp\/v2\/pages\/11\/revisions"}],"predecessor-version":[{"id":289,"href":"https:\/\/home-music.at\/index.php?rest_route=\/wp\/v2\/pages\/11\/revisions\/289"}],"wp:attachment":[{"href":"https:\/\/home-music.at\/index.php?rest_route=%2Fwp%2Fv2%2Fmedia&parent=11"}],"curies":[{"name":"wp","href":"https:\/\/api.w.org\/{rel}","templated":true}]}}